{"id":6071,"date":"2020-01-15T00:38:33","date_gmt":"2020-01-15T08:38:33","guid":{"rendered":"https:\/\/canadianpowwows.ca\/the-indigenous-connection-to-nature-and-wildlife\/"},"modified":"2020-06-19T15:15:36","modified_gmt":"2020-06-19T22:15:36","slug":"faires-et-ne-pas-faire","status":"publish","type":"page","link":"https:\/\/canadianpowwows.ca\/fr\/faires-et-ne-pas-faire\/","title":{"rendered":"Vous souhaitez assister \u00e0 un pow-wow ? Voici de bons conseils !"},"content":{"rendered":"<p>Les pow-wow sont une c\u00e9l\u00e9bration de la fiert\u00e9 culturelle pour tous les \u00e2ges. Ces \u00e9v\u00e9nements hauts en couleurs sont faits de battements de tambours, de danses, de r\u00e9galias, et mettent aussi de l\u2019avant la cuisine et l\u2019artisanat des peuples et nations autochtones de l\u2019ensemble de l\u2019\u00cele de la Tortue, soit le Canada.<\/p>\n","protected":false},"excerpt":{"rendered":"<p>Les pow-wow sont une c\u00e9l\u00e9bration de la fiert\u00e9 culturelle pour tous les \u00e2ges. Ces \u00e9v\u00e9nements hauts en couleurs sont faits de battements de tambours, de danses, de r\u00e9galias, et mettent aussi de l\u2019avant la cuisine et l\u2019artisanat des peuples et nations autochtones de l\u2019ensemble de l\u2019\u00cele de la Tortue, soit le Canada.<\/p>\n","protected":false},"author":19,"featured_media":7256,"parent":0,"menu_order":0,"comment_status":"closed","ping_status":"closed","template":"","meta":[],"categories":[870],"tags":[],"yoast_head":"<!-- This site is optimized with the Yoast SEO plugin v20.0 - https:\/\/yoast.com\/wordpress\/plugins\/seo\/ -->\n<title>Vous souhaitez assister \u00e0 un pow-wow ? Voici de bons conseils ! | Canadian Pow Wows<\/title>\n<meta name=\"description\" content=\"Les pow-wow sont une c\u00e9l\u00e9bration de la fiert\u00e9 culturelle pour tous les \u00e2ges. Ces \u00e9v\u00e9nements hauts en couleurs sont faits de battements de tambours, de danses, de r\u00e9galias, et mettent aussi de l\u2019avant la cuisine et l\u2019artisanat des peuples et nations autochtones.\" \/>\n<meta name=\"robots\" content=\"index, follow, max-snippet:-1, max-image-preview:large, max-video-preview:-1\" \/>\n<link rel=\"canonical\" href=\"https:\/\/canadianpowwows.ca\/fr\/faires-et-ne-pas-faire\/\" \/>\n<meta property=\"og:locale\" content=\"fr_FR\" \/>\n<meta property=\"og:type\" content=\"article\" \/>\n<meta property=\"og:title\" content=\"Vous souhaitez assister \u00e0 un pow-wow ? Voici de bons conseils ! | Canadian Pow Wows\" \/>\n<meta property=\"og:description\" content=\"Les pow-wow sont une c\u00e9l\u00e9bration de la fiert\u00e9 culturelle pour tous les \u00e2ges. Ces \u00e9v\u00e9nements hauts en couleurs sont faits de battements de tambours, de danses, de r\u00e9galias, et mettent aussi de l\u2019avant la cuisine et l\u2019artisanat des peuples et nations autochtones.\" \/>\n<meta property=\"og:url\" content=\"https:\/\/canadianpowwows.ca\/fr\/faires-et-ne-pas-faire\/\" \/>\n<meta property=\"og:site_name\" content=\"Canadian Pow Wows\" \/>\n<meta property=\"article:modified_time\" content=\"2020-06-19T22:15:36+00:00\" \/>\n<meta property=\"og:image\" content=\"https:\/\/canadianpowwows.ca\/wp-content\/uploads\/2020\/06\/hd-pikogan-audetphoto-7880-large.jpg\" \/>\n\t<meta property=\"og:image:width\" content=\"1920\" \/>\n\t<meta property=\"og:image:height\" content=\"1280\" \/>\n\t<meta property=\"og:image:type\" content=\"image\/jpeg\" \/>\n<meta name=\"twitter:card\" content=\"summary_large_image\" \/>\n<script type=\"application\/ld+json\" class=\"yoast-schema-graph\">{\"@context\":\"https:\/\/schema.org\",\"@graph\":[{\"@type\":\"WebPage\",\"@id\":\"https:\/\/canadianpowwows.ca\/fr\/faires-et-ne-pas-faire\/\",\"url\":\"https:\/\/canadianpowwows.ca\/fr\/faires-et-ne-pas-faire\/\",\"name\":\"Vous souhaitez assister \u00e0 un pow-wow ? Voici de bons conseils ! | Canadian Pow Wows\",\"isPartOf\":{\"@id\":\"https:\/\/canadianpowwows.ca\/fr\/#website\"},\"datePublished\":\"2020-01-15T08:38:33+00:00\",\"dateModified\":\"2020-06-19T22:15:36+00:00\",\"description\":\"Les pow-wow sont une c\u00e9l\u00e9bration de la fiert\u00e9 culturelle pour tous les \u00e2ges. Ces \u00e9v\u00e9nements hauts en couleurs sont faits de battements de tambours, de danses, de r\u00e9galias, et mettent aussi de l\u2019avant la cuisine et l\u2019artisanat des peuples et nations autochtones.\",\"breadcrumb\":{\"@id\":\"https:\/\/canadianpowwows.ca\/fr\/faires-et-ne-pas-faire\/#breadcrumb\"},\"inLanguage\":\"fr-FR\",\"potentialAction\":[{\"@type\":\"ReadAction\",\"target\":[\"https:\/\/canadianpowwows.ca\/fr\/faires-et-ne-pas-faire\/\"]}]},{\"@type\":\"BreadcrumbList\",\"@id\":\"https:\/\/canadianpowwows.ca\/fr\/faires-et-ne-pas-faire\/#breadcrumb\",\"itemListElement\":[{\"@type\":\"ListItem\",\"position\":1,\"name\":\"Home\",\"item\":\"https:\/\/canadianpowwows.ca\/fr\/\"},{\"@type\":\"ListItem\",\"position\":2,\"name\":\"Vous souhaitez assister \u00e0 un pow-wow ? Voici de bons conseils !\"}]},{\"@type\":\"WebSite\",\"@id\":\"https:\/\/canadianpowwows.ca\/fr\/#website\",\"url\":\"https:\/\/canadianpowwows.ca\/fr\/\",\"name\":\"Canadian Pow Wows\",\"description\":\"A directory of pow wows from across Canada\",\"publisher\":{\"@id\":\"https:\/\/canadianpowwows.ca\/fr\/#organization\"},\"potentialAction\":[{\"@type\":\"SearchAction\",\"target\":{\"@type\":\"EntryPoint\",\"urlTemplate\":\"https:\/\/canadianpowwows.ca\/fr\/?s={search_term_string}\"},\"query-input\":\"required name=search_term_string\"}],\"inLanguage\":\"fr-FR\"},{\"@type\":\"Organization\",\"@id\":\"https:\/\/canadianpowwows.ca\/fr\/#organization\",\"name\":\"Canadian Pow Wows\",\"url\":\"https:\/\/canadianpowwows.ca\/fr\/\",\"logo\":{\"@type\":\"ImageObject\",\"inLanguage\":\"fr-FR\",\"@id\":\"https:\/\/canadianpowwows.ca\/fr\/#\/schema\/logo\/image\/\",\"url\":\"https:\/\/canadianpowwows.ca\/wp-content\/uploads\/2023\/07\/canadianpowwows-di-logo-navbar-fr@2x.png\",\"contentUrl\":\"https:\/\/canadianpowwows.ca\/wp-content\/uploads\/2023\/07\/canadianpowwows-di-logo-navbar-fr@2x.png\",\"width\":2040,\"height\":128,\"caption\":\"Canadian Pow Wows\"},\"image\":{\"@id\":\"https:\/\/canadianpowwows.ca\/fr\/#\/schema\/logo\/image\/\"}}]}<\/script>\n<!-- \/ Yoast SEO plugin. -->","yoast_head_json":{"title":"Vous souhaitez assister \u00e0 un pow-wow ? Voici de bons conseils ! | Canadian Pow Wows","description":"Les pow-wow sont une c\u00e9l\u00e9bration de la fiert\u00e9 culturelle pour tous les \u00e2ges. Ces \u00e9v\u00e9nements hauts en couleurs sont faits de battements de tambours, de danses, de r\u00e9galias, et mettent aussi de l\u2019avant la cuisine et l\u2019artisanat des peuples et nations autochtones.","robots":{"index":"index","follow":"follow","max-snippet":"max-snippet:-1","max-image-preview":"max-image-preview:large","max-video-preview":"max-video-preview:-1"},"canonical":"https:\/\/canadianpowwows.ca\/fr\/faires-et-ne-pas-faire\/","og_locale":"fr_FR","og_type":"article","og_title":"Vous souhaitez assister \u00e0 un pow-wow ? Voici de bons conseils ! | Canadian Pow Wows","og_description":"Les pow-wow sont une c\u00e9l\u00e9bration de la fiert\u00e9 culturelle pour tous les \u00e2ges. Ces \u00e9v\u00e9nements hauts en couleurs sont faits de battements de tambours, de danses, de r\u00e9galias, et mettent aussi de l\u2019avant la cuisine et l\u2019artisanat des peuples et nations autochtones.","og_url":"https:\/\/canadianpowwows.ca\/fr\/faires-et-ne-pas-faire\/","og_site_name":"Canadian Pow Wows","article_modified_time":"2020-06-19T22:15:36+00:00","og_image":[{"width":1920,"height":1280,"url":"https:\/\/canadianpowwows.ca\/wp-content\/uploads\/2020\/06\/hd-pikogan-audetphoto-7880-large.jpg","type":"image\/jpeg"}],"twitter_card":"summary_large_image","schema":{"@context":"https:\/\/schema.org","@graph":[{"@type":"WebPage","@id":"https:\/\/canadianpowwows.ca\/fr\/faires-et-ne-pas-faire\/","url":"https:\/\/canadianpowwows.ca\/fr\/faires-et-ne-pas-faire\/","name":"Vous souhaitez assister \u00e0 un pow-wow ? Voici de bons conseils ! | Canadian Pow Wows","isPartOf":{"@id":"https:\/\/canadianpowwows.ca\/fr\/#website"},"datePublished":"2020-01-15T08:38:33+00:00","dateModified":"2020-06-19T22:15:36+00:00","description":"Les pow-wow sont une c\u00e9l\u00e9bration de la fiert\u00e9 culturelle pour tous les \u00e2ges. Ces \u00e9v\u00e9nements hauts en couleurs sont faits de battements de tambours, de danses, de r\u00e9galias, et mettent aussi de l\u2019avant la cuisine et l\u2019artisanat des peuples et nations autochtones.","breadcrumb":{"@id":"https:\/\/canadianpowwows.ca\/fr\/faires-et-ne-pas-faire\/#breadcrumb"},"inLanguage":"fr-FR","potentialAction":[{"@type":"ReadAction","target":["https:\/\/canadianpowwows.ca\/fr\/faires-et-ne-pas-faire\/"]}]},{"@type":"BreadcrumbList","@id":"https:\/\/canadianpowwows.ca\/fr\/faires-et-ne-pas-faire\/#breadcrumb","itemListElement":[{"@type":"ListItem","position":1,"name":"Home","item":"https:\/\/canadianpowwows.ca\/fr\/"},{"@type":"ListItem","position":2,"name":"Vous souhaitez assister \u00e0 un pow-wow ? Voici de bons conseils !"}]},{"@type":"WebSite","@id":"https:\/\/canadianpowwows.ca\/fr\/#website","url":"https:\/\/canadianpowwows.ca\/fr\/","name":"Canadian Pow Wows","description":"A directory of pow wows from across Canada","publisher":{"@id":"https:\/\/canadianpowwows.ca\/fr\/#organization"},"potentialAction":[{"@type":"SearchAction","target":{"@type":"EntryPoint","urlTemplate":"https:\/\/canadianpowwows.ca\/fr\/?s={search_term_string}"},"query-input":"required name=search_term_string"}],"inLanguage":"fr-FR"},{"@type":"Organization","@id":"https:\/\/canadianpowwows.ca\/fr\/#organization","name":"Canadian Pow Wows","url":"https:\/\/canadianpowwows.ca\/fr\/","logo":{"@type":"ImageObject","inLanguage":"fr-FR","@id":"https:\/\/canadianpowwows.ca\/fr\/#\/schema\/logo\/image\/","url":"https:\/\/canadianpowwows.ca\/wp-content\/uploads\/2023\/07\/canadianpowwows-di-logo-navbar-fr@2x.png","contentUrl":"https:\/\/canadianpowwows.ca\/wp-content\/uploads\/2023\/07\/canadianpowwows-di-logo-navbar-fr@2x.png","width":2040,"height":128,"caption":"Canadian Pow Wows"},"image":{"@id":"https:\/\/canadianpowwows.ca\/fr\/#\/schema\/logo\/image\/"}}]}},"_links":{"self":[{"href":"https:\/\/canadianpowwows.ca\/fr\/wp-json\/wp\/v2\/pages\/6071"}],"collection":[{"href":"https:\/\/canadianpowwows.ca\/fr\/wp-json\/wp\/v2\/pages"}],"about":[{"href":"https:\/\/canadianpowwows.ca\/fr\/wp-json\/wp\/v2\/types\/page"}],"author":[{"embeddable":true,"href":"https:\/\/canadianpowwows.ca\/fr\/wp-json\/wp\/v2\/users\/19"}],"replies":[{"embeddable":true,"href":"https:\/\/canadianpowwows.ca\/fr\/wp-json\/wp\/v2\/comments?post=6071"}],"version-history":[{"count":0,"href":"https:\/\/canadianpowwows.ca\/fr\/wp-json\/wp\/v2\/pages\/6071\/revisions"}],"wp:featuredmedia":[{"embeddable":true,"href":"https:\/\/canadianpowwows.ca\/fr\/wp-json\/wp\/v2\/media\/7256"}],"wp:attachment":[{"href":"https:\/\/canadianpowwows.ca\/fr\/wp-json\/wp\/v2\/media?parent=6071"}],"wp:term":[{"taxonomy":"category","embeddable":true,"href":"https:\/\/canadianpowwows.ca\/fr\/wp-json\/wp\/v2\/categories?post=6071"},{"taxonomy":"post_tag","embeddable":true,"href":"https:\/\/canadianpowwows.ca\/fr\/wp-json\/wp\/v2\/tags?post=6071"}],"curies":[{"name":"wp","href":"https:\/\/api.w.org\/{rel}","templated":true}]}}